{"id":177,"date":"2018-11-11T10:39:12","date_gmt":"2018-11-11T12:39:12","guid":{"rendered":"http:\/\/gd.adv.br\/?page_id=177"},"modified":"2025-02-27T22:31:56","modified_gmt":"2025-02-28T01:31:56","slug":"quem-somos","status":"publish","type":"page","link":"https:\/\/gd.adv.br\/index.php\/quem-somos\/","title":{"rendered":"Quem Somos"},"content":{"rendered":"<p style=\"text-align: center;\"><div id=\"metaslider-id-194\" style=\"max-width: 800px; margin: 0 auto;\" class=\"ml-slider-3-109-0 metaslider metaslider-flex metaslider-194 ml-slider has-dots-nav ms-theme-default\" role=\"region\" aria-label=\"Quem Somos\" data-height=\"500\" data-width=\"800\">\n    <div id=\"metaslider_container_194\">\n        <div id=\"metaslider_194\">\n            <ul class='slides'>\n                <li style=\"display: block; width: 100%;\" class=\"slide-198 ms-image \" aria-roledescription=\"slide\" data-date=\"2018-11-11 20:05:31\" data-filename=\"recepcao-800x500.jpg\" data-slide-type=\"image\"><img fetchpriority=\"high\" decoding=\"async\" src=\"https:\/\/gd.adv.br\/wp-content\/uploads\/2018\/11\/recepcao-800x500.jpg\" height=\"500\" width=\"800\" alt=\"\" class=\"slider-194 slide-198 msDefaultImage\" title=\"recepcao\" \/><\/li>\n                <li style=\"display: none; width: 100%;\" class=\"slide-195 ms-image \" aria-roledescription=\"slide\" data-date=\"2018-11-11 20:04:32\" data-filename=\"IMG_4457-e1740709142573-800x500.jpg\" data-slide-type=\"image\"><img decoding=\"async\" src=\"https:\/\/gd.adv.br\/wp-content\/uploads\/2018\/11\/IMG_4457-e1740709142573-800x500.jpg\" height=\"500\" width=\"800\" alt=\"\" class=\"slider-194 slide-195 msDefaultImage\" title=\"IMG_4457\" \/><\/li>\n                <li style=\"display: none; width: 100%;\" class=\"slide-196 ms-image \" aria-roledescription=\"slide\" data-date=\"2018-11-11 20:04:58\" data-filename=\"IMG_4461-e1740709167341-800x500.jpg\" data-slide-type=\"image\"><img decoding=\"async\" src=\"https:\/\/gd.adv.br\/wp-content\/uploads\/2018\/11\/IMG_4461-e1740709167341-800x500.jpg\" height=\"500\" width=\"800\" alt=\"\" class=\"slider-194 slide-196 msDefaultImage\" title=\"IMG_4461\" \/><\/li>\n                <li style=\"display: none; width: 100%;\" class=\"slide-197 ms-image \" aria-roledescription=\"slide\" data-date=\"2018-11-11 20:05:13\" data-filename=\"IMG_4465-e1740709224761-800x500.jpg\" data-slide-type=\"image\"><img loading=\"lazy\" decoding=\"async\" src=\"https:\/\/gd.adv.br\/wp-content\/uploads\/2018\/11\/IMG_4465-e1740709224761-800x500.jpg\" height=\"500\" width=\"800\" alt=\"\" class=\"slider-194 slide-197 msDefaultImage\" title=\"IMG_4465\" \/><\/li>\n                <li style=\"display: none; width: 100%;\" class=\"slide-202 ms-image \" aria-roledescription=\"slide\" data-date=\"2018-11-11 20:09:30\" data-filename=\"6-640x400.jpg\" data-slide-type=\"image\"><img loading=\"lazy\" decoding=\"async\" src=\"https:\/\/gd.adv.br\/wp-content\/uploads\/2018\/11\/6-640x400.jpg\" height=\"500\" width=\"800\" alt=\"\" class=\"slider-194 slide-202 msDefaultImage\" title=\"6\" \/><\/li>\n                <li style=\"display: none; width: 100%;\" class=\"slide-205 ms-image \" aria-roledescription=\"slide\" data-date=\"2018-11-11 20:10:41\" data-filename=\"4-640x400.jpg\" data-slide-type=\"image\"><img loading=\"lazy\" decoding=\"async\" src=\"https:\/\/gd.adv.br\/wp-content\/uploads\/2018\/11\/4-640x400.jpg\" height=\"500\" width=\"800\" alt=\"\" class=\"slider-194 slide-205 msDefaultImage\" title=\"4\" \/><\/li>\n                <li style=\"display: none; width: 100%;\" class=\"slide-206 ms-image \" aria-roledescription=\"slide\" data-date=\"2018-11-11 20:11:02\" data-filename=\"IMG_4450-e1740709029432-800x500.jpg\" data-slide-type=\"image\"><img loading=\"lazy\" decoding=\"async\" src=\"https:\/\/gd.adv.br\/wp-content\/uploads\/2018\/11\/IMG_4450-e1740709029432-800x500.jpg\" height=\"500\" width=\"800\" alt=\"\" class=\"slider-194 slide-206 msDefaultImage\" title=\"IMG_4450\" \/><\/li>\n                <li style=\"display: none; width: 100%;\" class=\"slide-203 ms-image \" aria-roledescription=\"slide\" data-date=\"2018-11-11 20:09:50\" data-filename=\"Sala_reuni\u00f5es-e1740709067420-800x500.jpg\" data-slide-type=\"image\"><img loading=\"lazy\" decoding=\"async\" src=\"https:\/\/gd.adv.br\/wp-content\/uploads\/2019\/07\/Sala_reuni\u00f5es-e1740709067420-800x500.jpg\" height=\"500\" width=\"800\" alt=\"\" class=\"slider-194 slide-203 msDefaultImage\" title=\"Sala_reuni\u00f5es\" \/><\/li>\n                <li style=\"display: none; width: 100%;\" class=\"slide-230 ms-image \" aria-roledescription=\"slide\" data-date=\"2019-07-27 14:42:47\" data-filename=\"2-640x400.jpg\" data-slide-type=\"image\"><img loading=\"lazy\" decoding=\"async\" src=\"https:\/\/gd.adv.br\/wp-content\/uploads\/2018\/11\/2-640x400.jpg\" height=\"500\" width=\"800\" alt=\"\" class=\"slider-194 slide-230 msDefaultImage\" title=\"2\" \/><\/li>\n                <li style=\"display: none; width: 100%;\" class=\"slide-207 ms-image \" aria-roledescription=\"slide\" data-date=\"2018-11-11 20:11:11\" data-filename=\"sala-reuniao01-800x500.jpg\" data-slide-type=\"image\"><img loading=\"lazy\" decoding=\"async\" src=\"https:\/\/gd.adv.br\/wp-content\/uploads\/2018\/11\/sala-reuniao01-800x500.jpg\" height=\"500\" width=\"800\" alt=\"\" class=\"slider-194 slide-207 msDefaultImage\" title=\"sala reuniao01\" \/><\/li>\n                <li style=\"display: none; width: 100%;\" class=\"slide-208 ms-image \" aria-roledescription=\"slide\" data-date=\"2018-11-11 20:11:23\" data-filename=\"sala-reuniao-001-800x500.jpg\" data-slide-type=\"image\"><img loading=\"lazy\" decoding=\"async\" src=\"https:\/\/gd.adv.br\/wp-content\/uploads\/2018\/11\/sala-reuniao-001-800x500.jpg\" height=\"500\" width=\"800\" alt=\"\" class=\"slider-194 slide-208 msDefaultImage\" title=\"sala reuniao 001\" \/><\/li>\n                <li style=\"display: none; width: 100%;\" class=\"slide-209 ms-image \" aria-roledescription=\"slide\" data-date=\"2018-11-11 20:11:34\" data-filename=\"auditorio-800x500.jpg\" data-slide-type=\"image\"><img loading=\"lazy\" decoding=\"async\" src=\"https:\/\/gd.adv.br\/wp-content\/uploads\/2018\/11\/auditorio-800x500.jpg\" height=\"500\" width=\"800\" alt=\"\" class=\"slider-194 slide-209 msDefaultImage\" title=\"auditorio\" \/><\/li>\n            <\/ul>\n        <\/div>\n        \n    <\/div>\n<\/div><\/p>\n<p>A Garcia Dias Advocacia e Consultoria Jur\u00eddica, registrada perante a OAB\/PR sob o n\u00ba 8.413, atua de forma especializada em diversas \u00e1reas do direito. Com presen\u00e7a no Estado do Paran\u00e1, representamos clientes atrav\u00e9s de uma rede de parceiros em todo o territ\u00f3rio nacional.<\/p>\n<p>Al\u00e9m disso, o escrit\u00f3rio atua como correspondente perante \u00f3rg\u00e3os do poder judici\u00e1rio e administra\u00e7\u00e3o p\u00fablica municipal e Estadual para\u00a0escrit\u00f3rios sediados em outras localidades.<\/p>\n<p>Os trabalhos s\u00e3o desenvolvidos por profissionais qualificados que trazem em sua bagagem a experi\u00eancia e a expertise conquistadas nos \u00faltimos 14\u00a0anos na advocacia.<\/p>\n<p>Com profissionais reconhecidos por sua vis\u00e3o voltada aos neg\u00f3cios, o Escrit\u00f3rio possui presen\u00e7a em segmentos estrat\u00e9gicos da economia.<\/p>\n<p>Contamos com sistema informatizado de gest\u00e3o de processos e servi\u00e7os que nos permite gerenciar as etapas de cada servi\u00e7o contratado, assim como contamos com importantes reposit\u00f3rios legislativos e jurisprudenciais que tornam poss\u00edvel a constante atualiza\u00e7\u00e3o da nossa equipe.<\/p>\n<p>Nossos servi\u00e7os s\u00e3o customizados individualmente, tendo como par\u00e2metro o contexto de cada caso e atividade a ser desempenhada em conjunto com cada cliente.<\/p>\n","protected":false},"excerpt":{"rendered":"<p>A Garcia Dias Advocacia e Consultoria Jur\u00eddica, registrada perante a OAB\/PR sob o n\u00ba 8.413, atua de forma especializada em diversas \u00e1reas do direito. Com presen\u00e7a no Estado do Paran\u00e1, representamos clientes atrav\u00e9s de uma rede de parceiros em todo o territ\u00f3rio nacional. Al\u00e9m disso, o escrit\u00f3rio atua como correspondente perante \u00f3rg\u00e3os do poder judici\u00e1rio<a class=\"read-more\" href=\"https:\/\/gd.adv.br\/index.php\/quem-somos\/\"><br \/>-> Continue reading<span class=\"screen-reader-text\">  Quem Somos<\/span><\/a><\/p>\n","protected":false},"author":1,"featured_media":0,"parent":0,"menu_order":0,"comment_status":"closed","ping_status":"closed","template":"template-fullwidth.php","meta":{"footnotes":""},"class_list":["post-177","page","type-page","status-publish","hentry"],"_links":{"self":[{"href":"https:\/\/gd.adv.br\/index.php\/wp-json\/wp\/v2\/pages\/177","targetHints":{"allow":["GET"]}}],"collection":[{"href":"https:\/\/gd.adv.br\/index.php\/wp-json\/wp\/v2\/pages"}],"about":[{"href":"https:\/\/gd.adv.br\/index.php\/wp-json\/wp\/v2\/types\/page"}],"author":[{"embeddable":true,"href":"https:\/\/gd.adv.br\/index.php\/wp-json\/wp\/v2\/users\/1"}],"replies":[{"embeddable":true,"href":"https:\/\/gd.adv.br\/index.php\/wp-json\/wp\/v2\/comments?post=177"}],"version-history":[{"count":6,"href":"https:\/\/gd.adv.br\/index.php\/wp-json\/wp\/v2\/pages\/177\/revisions"}],"predecessor-version":[{"id":362,"href":"https:\/\/gd.adv.br\/index.php\/wp-json\/wp\/v2\/pages\/177\/revisions\/362"}],"wp:attachment":[{"href":"https:\/\/gd.adv.br\/index.php\/wp-json\/wp\/v2\/media?parent=177"}],"curies":[{"name":"wp","href":"https:\/\/api.w.org\/{rel}","templated":true}]}}