{"id":119,"date":"2018-11-08T00:13:13","date_gmt":"2018-11-08T02:13:13","guid":{"rendered":"http:\/\/gd.adv.br\/?page_id=119"},"modified":"2025-02-27T22:37:46","modified_gmt":"2025-02-28T01:37:46","slug":"direito-de-familia","status":"publish","type":"page","link":"https:\/\/gd.adv.br\/index.php\/direito-de-familia\/","title":{"rendered":"Fam\u00edlia"},"content":{"rendered":"<p><span lang=\"PT-BR\"><span style=\"color: #000000; font-family: Calibri;\">A GD Advocacia e Consultoria Jur\u00eddica presta servi\u00e7os de consultoria preventiva e de acompanhamento de a\u00e7\u00f5es judiciais na \u00e1rea de Direito de Fam\u00edlia e de Sucess\u00f5es. A atua\u00e7\u00e3o engloba, dentre outros, os seguintes temas:<\/span><\/span><\/p>\n<p><span lang=\"PT-BR\"><span style=\"color: #000000; font-family: Calibri;\">Casamento, pacto antenupcial, separa\u00e7\u00e3o, div\u00f3rcio, ado\u00e7\u00e3o, investiga\u00e7\u00e3o e reconhecimento de Paternidade, pens\u00e3o aliment\u00edcia e regulamenta\u00e7\u00e3o de visitas, medidas cautelares de separa\u00e7\u00e3o de corpos, arrolamento de bens, busca e apreens\u00e3o etc, interdi\u00e7\u00e3o judicial, partilha, invent\u00e1rio, testamento, doa\u00e7\u00f5es e arrolamento.<\/span><\/span><\/p>\n","protected":false},"excerpt":{"rendered":"<p>A GD Advocacia e Consultoria Jur\u00eddica presta servi\u00e7os de consultoria preventiva e de acompanhamento de a\u00e7\u00f5es judiciais na \u00e1rea de Direito de Fam\u00edlia e de Sucess\u00f5es. A atua\u00e7\u00e3o engloba, dentre outros, os seguintes temas: Casamento, pacto antenupcial, separa\u00e7\u00e3o, div\u00f3rcio, ado\u00e7\u00e3o, investiga\u00e7\u00e3o e reconhecimento de Paternidade, pens\u00e3o aliment\u00edcia e regulamenta\u00e7\u00e3o de visitas, medidas cautelares de separa\u00e7\u00e3o<a class=\"read-more\" href=\"https:\/\/gd.adv.br\/index.php\/direito-de-familia\/\"><br \/>-> Continue reading<span class=\"screen-reader-text\">  Fam\u00edlia<\/span><\/a><\/p>\n","protected":false},"author":1,"featured_media":0,"parent":0,"menu_order":0,"comment_status":"closed","ping_status":"closed","template":"template-fullwidth.php","meta":{"footnotes":""},"class_list":["post-119","page","type-page","status-publish","hentry"],"_links":{"self":[{"href":"https:\/\/gd.adv.br\/index.php\/wp-json\/wp\/v2\/pages\/119","targetHints":{"allow":["GET"]}}],"collection":[{"href":"https:\/\/gd.adv.br\/index.php\/wp-json\/wp\/v2\/pages"}],"about":[{"href":"https:\/\/gd.adv.br\/index.php\/wp-json\/wp\/v2\/types\/page"}],"author":[{"embeddable":true,"href":"https:\/\/gd.adv.br\/index.php\/wp-json\/wp\/v2\/users\/1"}],"replies":[{"embeddable":true,"href":"https:\/\/gd.adv.br\/index.php\/wp-json\/wp\/v2\/comments?post=119"}],"version-history":[{"count":3,"href":"https:\/\/gd.adv.br\/index.php\/wp-json\/wp\/v2\/pages\/119\/revisions"}],"predecessor-version":[{"id":367,"href":"https:\/\/gd.adv.br\/index.php\/wp-json\/wp\/v2\/pages\/119\/revisions\/367"}],"wp:attachment":[{"href":"https:\/\/gd.adv.br\/index.php\/wp-json\/wp\/v2\/media?parent=119"}],"curies":[{"name":"wp","href":"https:\/\/api.w.org\/{rel}","templated":true}]}}